{"id":485,"date":"2023-12-28T15:25:35","date_gmt":"2023-12-28T14:25:35","guid":{"rendered":"https:\/\/scherbinalegal.com\/paula-pinar-guzman\/"},"modified":"2025-12-24T22:31:11","modified_gmt":"2025-12-24T21:31:11","slug":"paula-pinar-guzman","status":"publish","type":"page","link":"https:\/\/scherbinalegal.com\/en\/paula-pinar-guzman\/","title":{"rendered":"PAULA PI\u00d1AR GUZM\u00c1N"},"content":{"rendered":"\t\t<div data-elementor-type=\"wp-page\" data-elementor-id=\"485\" class=\"elementor elementor-485 elementor-129\">\n\t\t\t\t\t\t\t\t\t<section class=\"elementor-section elementor-top-section elementor-element elementor-element-a33803c elementor-section-height-min-height elementor-section-boxed elementor-section-height-default elementor-section-items-middle\" data-id=\"a33803c\" data-element_type=\"section\" data-settings=\"{&quot;background_background&quot;:&quot;classic&quot;}\">\n\t\t\t\t\t\t\t<div class=\"elementor-background-overlay\"><\/div>\n\t\t\t\t\t\t\t<div class=\"elementor-container elementor-column-gap-default\">\n\t\t\t\t\t<div class=\"elementor-column elementor-col-100 elementor-top-column elementor-element elementor-element-21a617e\" data-id=\"21a617e\" data-element_type=\"column\">\n\t\t\t<div class=\"elementor-widget-wrap elementor-element-populated\">\n\t\t\t\t\t\t\t\t<div class=\"elementor-element elementor-element-139e17a elementor-align-center elementor-icon-list--layout-traditional elementor-list-item-link-full_width elementor-widget elementor-widget-icon-list\" data-id=\"139e17a\" data-element_type=\"widget\" data-widget_type=\"icon-list.default\">\n\t\t\t\t<div class=\"elementor-widget-container\">\n\t\t\t<link rel=\"stylesheet\" href=\"https:\/\/scherbinalegal.com\/wp-content\/plugins\/elementor\/assets\/css\/widget-icon-list.min.css\">\t\t<ul class=\"elementor-icon-list-items\">\n\t\t\t\t\t\t\t<li class=\"elementor-icon-list-item\">\n\t\t\t\t\t\t\t\t\t\t\t<a href=\"https:\/\/www.linkedin.com\/in\/paula-pi%C3%B1ar-guzm%C3%A1n-09335327\/\" target=\"_blank\">\n\n\t\t\t\t\t\t\t\t\t\t\t\t<span class=\"elementor-icon-list-icon\">\n\t\t\t\t\t\t\t<i aria-hidden=\"true\" class=\"fab fa-linkedin\"><\/i>\t\t\t\t\t\t<\/span>\n\t\t\t\t\t\t\t\t\t\t<span class=\"elementor-icon-list-text\">Managing partner<\/span>\n\t\t\t\t\t\t\t\t\t\t\t<\/a>\n\t\t\t\t\t\t\t\t\t<\/li>\n\t\t\t\t\t\t<\/ul>\n\t\t\t\t<\/div>\n\t\t\t\t<\/div>\n\t\t\t\t\t<\/div>\n\t\t<\/div>\n\t\t\t\t\t\t\t<\/div>\n\t\t<\/section>\n\t\t\t\t<section class=\"elementor-section elementor-top-section elementor-element elementor-element-82884a6 elementor-section-boxed elementor-section-height-default elementor-section-height-default\" data-id=\"82884a6\" data-element_type=\"section\">\n\t\t\t\t\t\t<div class=\"elementor-container elementor-column-gap-default\">\n\t\t\t\t\t<div class=\"elementor-column elementor-col-100 elementor-top-column elementor-element elementor-element-af16838\" data-id=\"af16838\" data-element_type=\"column\">\n\t\t\t<div class=\"elementor-widget-wrap elementor-element-populated\">\n\t\t\t\t\t\t\t\t<div class=\"elementor-element elementor-element-239686c elementor-widget elementor-widget-image\" data-id=\"239686c\" data-element_type=\"widget\" data-widget_type=\"image.default\">\n\t\t\t\t<div class=\"elementor-widget-container\">\n\t\t\t<style>\/*! elementor - v3.12.1 - 02-04-2023 *\/\n.elementor-widget-image{text-align:center}.elementor-widget-image a{display:inline-block}.elementor-widget-image a img[src$=\".svg\"]{width:48px}.elementor-widget-image img{vertical-align:middle;display:inline-block}<\/style>\t\t\t\t\t\t\t\t\t\t\t\t<img loading=\"lazy\" decoding=\"async\" width=\"427\" height=\"471\" src=\"https:\/\/scherbinalegal.com\/wp-content\/uploads\/2023\/12\/paula.jpeg\" class=\"attachment-full size-full wp-image-227\" alt=\"\" srcset=\"https:\/\/scherbinalegal.com\/wp-content\/uploads\/2023\/12\/paula.jpeg 427w, https:\/\/scherbinalegal.com\/wp-content\/uploads\/2023\/12\/paula-272x300.jpeg 272w\" sizes=\"(max-width: 427px) 100vw, 427px\" \/>\t\t\t\t\t\t\t\t\t\t\t\t\t\t\t<\/div>\n\t\t\t\t<\/div>\n\t\t\t\t<div class=\"elementor-element elementor-element-352603c elementor-widget elementor-widget-text-editor\" data-id=\"352603c\" data-element_type=\"widget\" data-widget_type=\"text-editor.default\">\n\t\t\t\t<div class=\"elementor-widget-container\">\n\t\t\t<style>\/*! elementor - v3.12.1 - 02-04-2023 *\/\n.elementor-widget-text-editor.elementor-drop-cap-view-stacked .elementor-drop-cap{background-color:#69727d;color:#fff}.elementor-widget-text-editor.elementor-drop-cap-view-framed .elementor-drop-cap{color:#69727d;border:3px solid;background-color:transparent}.elementor-widget-text-editor:not(.elementor-drop-cap-view-default) .elementor-drop-cap{margin-top:8px}.elementor-widget-text-editor:not(.elementor-drop-cap-view-default) .elementor-drop-cap-letter{width:1em;height:1em}.elementor-widget-text-editor .elementor-drop-cap{float:left;text-align:center;line-height:1;font-size:50px}.elementor-widget-text-editor .elementor-drop-cap-letter{display:inline-block}<\/style>\t\t\t\t<p>Scherbina Legal was founded in 2020 by Paula Pi\u00f1ar Guzm\u00e1n with the aim and purpose of assisting the legal departments of companies, providing them in a concrete way and with a high degree of specialization, the necessary legal-technical advice to accompany the involvement of their respective companies in certain real estate operations, construction and energy projects.<\/p><p>This specialized legal assistance is also required by individuals who seek a broad approach in the analysis of their issues which takes into account the specific circumstances of the case and which ultimately satisfies the pursued interest.<\/p><p>In addition, if clients are involved in a matter that requires the intervention of other legal specialties, Scherbina Legal collaborates with different technical and legal professionals on a co-counseling basis. This formula of professional collaboration allows the client not to lose their reference lawyer and, at the same time, obtain the best advice and the most extensive defense for their case.<\/p><p>Since its foundation, the Firm has advised companies, energy and operator funds in their participation in first level operations related mainly to real estate developments and renewable energy projects.<\/p><p>With a solid family legal tradition, Paula has more than 25 years of experience and professional practice developed in prestigious law firms (RLD &amp; Asociados, Broseta Abogados and Deloitte Legal), leading companies in the real estate and construction sector (Fadesa Inmobiliaria), or in the development of major urban development projects.<\/p><p>Her extensive experience in the real estate sector has made her a member of investment fund advisory teams for the acquisition of property lots owned by financial entities, refinancing processes of business groups, processes of acquisition or contribution of real estate assets between companies or individuals, as well as the drafting of all kinds of contracts and agreements specific to the sector.<\/p><p>Member of the Madrid Bar Association (ICAM) since 1998, member of the Construction and Engineering Law Club, and Flex Counsel in Lawyers for Projects.<\/p>\t\t\t\t\t\t<\/div>\n\t\t\t\t<\/div>\n\t\t\t\t\t<\/div>\n\t\t<\/div>\n\t\t\t\t\t\t\t<\/div>\n\t\t<\/section>\n\t\t\t\t\t\t\t<\/div>\n\t\t","protected":false},"excerpt":{"rendered":"<p>Managing partner Scherbina Legal was founded in 2020 by Paula Pi\u00f1ar Guzm\u00e1n with the aim and purpose of assisting the legal departments of companies, providing them in a concrete way and with a high degree of specialization, the necessary legal-technical advice to accompany the involvement of their respective companies in certain real estate operations, construction [&hellip;]<\/p>\n","protected":false},"author":1,"featured_media":0,"parent":0,"menu_order":0,"comment_status":"closed","ping_status":"closed","template":"","meta":{"inline_featured_image":false,"footnotes":""},"yoast_head":"<!-- This site is optimized with the Yoast SEO plugin v21.7 - https:\/\/yoast.com\/wordpress\/plugins\/seo\/ -->\n<title>PAULA PI\u00d1AR GUZM\u00c1N - Scherbina<\/title>\n<meta name=\"robots\" content=\"index, follow, max-snippet:-1, max-image-preview:large, max-video-preview:-1\" \/>\n<link rel=\"canonical\" href=\"https:\/\/scherbinalegal.com\/paula-pinar-guzman\/\" \/>\n<meta property=\"og:locale\" content=\"en_US\" \/>\n<meta property=\"og:type\" content=\"article\" \/>\n<meta property=\"og:title\" content=\"PAULA PI\u00d1AR GUZM\u00c1N - Scherbina\" \/>\n<meta property=\"og:description\" content=\"Managing partner Scherbina Legal was founded in 2020 by Paula Pi\u00f1ar Guzm\u00e1n with the aim and purpose of assisting the legal departments of companies, providing them in a concrete way and with a high degree of specialization, the necessary legal-technical advice to accompany the involvement of their respective companies in certain real estate operations, construction [&hellip;]\" \/>\n<meta property=\"og:url\" content=\"https:\/\/scherbinalegal.com\/paula-pinar-guzman\/\" \/>\n<meta property=\"og:site_name\" content=\"Scherbina\" \/>\n<meta property=\"article:modified_time\" content=\"2025-12-24T21:31:11+00:00\" \/>\n<meta property=\"og:image\" content=\"https:\/\/scherbinalegal.com\/wp-content\/uploads\/2023\/12\/paula.jpeg\" \/>\n<meta name=\"twitter:card\" content=\"summary_large_image\" \/>\n<meta name=\"twitter:label1\" content=\"Est. reading time\" \/>\n\t<meta name=\"twitter:data1\" content=\"2 minutes\" \/>\n<script type=\"application\/ld+json\" class=\"yoast-schema-graph\">{\"@context\":\"https:\/\/schema.org\",\"@graph\":[{\"@type\":\"WebPage\",\"@id\":\"https:\/\/scherbinalegal.com\/paula-pinar-guzman\/\",\"url\":\"https:\/\/scherbinalegal.com\/paula-pinar-guzman\/\",\"name\":\"PAULA PI\u00d1AR GUZM\u00c1N - Scherbina\",\"isPartOf\":{\"@id\":\"https:\/\/scherbinalegal.com\/#website\"},\"datePublished\":\"2023-12-28T14:25:35+00:00\",\"dateModified\":\"2025-12-24T21:31:11+00:00\",\"breadcrumb\":{\"@id\":\"https:\/\/scherbinalegal.com\/paula-pinar-guzman\/#breadcrumb\"},\"inLanguage\":\"en-US\",\"potentialAction\":[{\"@type\":\"ReadAction\",\"target\":[\"https:\/\/scherbinalegal.com\/paula-pinar-guzman\/\"]}]},{\"@type\":\"BreadcrumbList\",\"@id\":\"https:\/\/scherbinalegal.com\/paula-pinar-guzman\/#breadcrumb\",\"itemListElement\":[{\"@type\":\"ListItem\",\"position\":1,\"name\":\"Portada\",\"item\":\"https:\/\/scherbinalegal.com\/\"},{\"@type\":\"ListItem\",\"position\":2,\"name\":\"PAULA PI\u00d1AR GUZM\u00c1N\"}]},{\"@type\":\"WebSite\",\"@id\":\"https:\/\/scherbinalegal.com\/#website\",\"url\":\"https:\/\/scherbinalegal.com\/\",\"name\":\"Scherbina Legal\",\"description\":\"Construyendo Soluciones Legales\",\"publisher\":{\"@id\":\"https:\/\/scherbinalegal.com\/#organization\"},\"potentialAction\":[{\"@type\":\"SearchAction\",\"target\":{\"@type\":\"EntryPoint\",\"urlTemplate\":\"https:\/\/scherbinalegal.com\/?s={search_term_string}\"},\"query-input\":\"required name=search_term_string\"}],\"inLanguage\":\"en-US\"},{\"@type\":\"Organization\",\"@id\":\"https:\/\/scherbinalegal.com\/#organization\",\"name\":\"Scherbina Legal\",\"url\":\"https:\/\/scherbinalegal.com\/\",\"logo\":{\"@type\":\"ImageObject\",\"inLanguage\":\"en-US\",\"@id\":\"https:\/\/scherbinalegal.com\/#\/schema\/logo\/image\/\",\"url\":\"https:\/\/scherbinalegal.com\/wp-content\/uploads\/2024\/05\/imagen-logo-1200.jpg\",\"contentUrl\":\"https:\/\/scherbinalegal.com\/wp-content\/uploads\/2024\/05\/imagen-logo-1200.jpg\",\"width\":1200,\"height\":675,\"caption\":\"Scherbina Legal\"},\"image\":{\"@id\":\"https:\/\/scherbinalegal.com\/#\/schema\/logo\/image\/\"}}]}<\/script>\n<!-- \/ Yoast SEO plugin. -->","yoast_head_json":{"title":"PAULA PI\u00d1AR GUZM\u00c1N - Scherbina","robots":{"index":"index","follow":"follow","max-snippet":"max-snippet:-1","max-image-preview":"max-image-preview:large","max-video-preview":"max-video-preview:-1"},"canonical":"https:\/\/scherbinalegal.com\/paula-pinar-guzman\/","og_locale":"en_US","og_type":"article","og_title":"PAULA PI\u00d1AR GUZM\u00c1N - Scherbina","og_description":"Managing partner Scherbina Legal was founded in 2020 by Paula Pi\u00f1ar Guzm\u00e1n with the aim and purpose of assisting the legal departments of companies, providing them in a concrete way and with a high degree of specialization, the necessary legal-technical advice to accompany the involvement of their respective companies in certain real estate operations, construction [&hellip;]","og_url":"https:\/\/scherbinalegal.com\/paula-pinar-guzman\/","og_site_name":"Scherbina","article_modified_time":"2025-12-24T21:31:11+00:00","og_image":[{"url":"https:\/\/scherbinalegal.com\/wp-content\/uploads\/2023\/12\/paula.jpeg"}],"twitter_card":"summary_large_image","twitter_misc":{"Est. reading time":"2 minutes"},"schema":{"@context":"https:\/\/schema.org","@graph":[{"@type":"WebPage","@id":"https:\/\/scherbinalegal.com\/paula-pinar-guzman\/","url":"https:\/\/scherbinalegal.com\/paula-pinar-guzman\/","name":"PAULA PI\u00d1AR GUZM\u00c1N - Scherbina","isPartOf":{"@id":"https:\/\/scherbinalegal.com\/#website"},"datePublished":"2023-12-28T14:25:35+00:00","dateModified":"2025-12-24T21:31:11+00:00","breadcrumb":{"@id":"https:\/\/scherbinalegal.com\/paula-pinar-guzman\/#breadcrumb"},"inLanguage":"en-US","potentialAction":[{"@type":"ReadAction","target":["https:\/\/scherbinalegal.com\/paula-pinar-guzman\/"]}]},{"@type":"BreadcrumbList","@id":"https:\/\/scherbinalegal.com\/paula-pinar-guzman\/#breadcrumb","itemListElement":[{"@type":"ListItem","position":1,"name":"Portada","item":"https:\/\/scherbinalegal.com\/"},{"@type":"ListItem","position":2,"name":"PAULA PI\u00d1AR GUZM\u00c1N"}]},{"@type":"WebSite","@id":"https:\/\/scherbinalegal.com\/#website","url":"https:\/\/scherbinalegal.com\/","name":"Scherbina Legal","description":"Construyendo Soluciones Legales","publisher":{"@id":"https:\/\/scherbinalegal.com\/#organization"},"potentialAction":[{"@type":"SearchAction","target":{"@type":"EntryPoint","urlTemplate":"https:\/\/scherbinalegal.com\/?s={search_term_string}"},"query-input":"required name=search_term_string"}],"inLanguage":"en-US"},{"@type":"Organization","@id":"https:\/\/scherbinalegal.com\/#organization","name":"Scherbina Legal","url":"https:\/\/scherbinalegal.com\/","logo":{"@type":"ImageObject","inLanguage":"en-US","@id":"https:\/\/scherbinalegal.com\/#\/schema\/logo\/image\/","url":"https:\/\/scherbinalegal.com\/wp-content\/uploads\/2024\/05\/imagen-logo-1200.jpg","contentUrl":"https:\/\/scherbinalegal.com\/wp-content\/uploads\/2024\/05\/imagen-logo-1200.jpg","width":1200,"height":675,"caption":"Scherbina Legal"},"image":{"@id":"https:\/\/scherbinalegal.com\/#\/schema\/logo\/image\/"}}]}},"_links":{"self":[{"href":"https:\/\/scherbinalegal.com\/en\/wp-json\/wp\/v2\/pages\/485"}],"collection":[{"href":"https:\/\/scherbinalegal.com\/en\/wp-json\/wp\/v2\/pages"}],"about":[{"href":"https:\/\/scherbinalegal.com\/en\/wp-json\/wp\/v2\/types\/page"}],"author":[{"embeddable":true,"href":"https:\/\/scherbinalegal.com\/en\/wp-json\/wp\/v2\/users\/1"}],"replies":[{"embeddable":true,"href":"https:\/\/scherbinalegal.com\/en\/wp-json\/wp\/v2\/comments?post=485"}],"version-history":[{"count":8,"href":"https:\/\/scherbinalegal.com\/en\/wp-json\/wp\/v2\/pages\/485\/revisions"}],"predecessor-version":[{"id":646,"href":"https:\/\/scherbinalegal.com\/en\/wp-json\/wp\/v2\/pages\/485\/revisions\/646"}],"wp:attachment":[{"href":"https:\/\/scherbinalegal.com\/en\/wp-json\/wp\/v2\/media?parent=485"}],"curies":[{"name":"wp","href":"https:\/\/api.w.org\/{rel}","templated":true}]}}