{"id":503,"date":"2023-12-28T08:05:17","date_gmt":"2023-12-28T08:05:17","guid":{"rendered":"https:\/\/scherbinalegal.com\/privacy-policy\/"},"modified":"2024-05-15T11:31:28","modified_gmt":"2024-05-15T11:31:28","slug":"privacy-policy","status":"publish","type":"page","link":"https:\/\/scherbinalegal.com\/en\/privacy-policy\/","title":{"rendered":"Privacy policy"},"content":{"rendered":"\t\t<div data-elementor-type=\"wp-page\" data-elementor-id=\"503\" class=\"elementor elementor-503 elementor-3\">\n\t\t\t\t\t\t\t\t\t<section class=\"elementor-section elementor-top-section elementor-element elementor-element-a106989 elementor-section-height-min-height elementor-section-boxed elementor-section-height-default elementor-section-items-middle\" data-id=\"a106989\" data-element_type=\"section\" data-settings=\"{&quot;background_background&quot;:&quot;classic&quot;}\">\n\t\t\t\t\t\t\t<div class=\"elementor-background-overlay\"><\/div>\n\t\t\t\t\t\t\t<div class=\"elementor-container elementor-column-gap-default\">\n\t\t\t\t\t<div class=\"elementor-column elementor-col-100 elementor-top-column elementor-element elementor-element-9227eef\" data-id=\"9227eef\" data-element_type=\"column\">\n\t\t\t<div class=\"elementor-widget-wrap elementor-element-populated\">\n\t\t\t\t\t\t\t\t\t<\/div>\n\t\t<\/div>\n\t\t\t\t\t\t\t<\/div>\n\t\t<\/section>\n\t\t\t\t<section class=\"elementor-section elementor-top-section elementor-element elementor-element-1b98f7ce elementor-section-boxed elementor-section-height-default elementor-section-height-default\" data-id=\"1b98f7ce\" data-element_type=\"section\">\n\t\t\t\t\t\t<div class=\"elementor-container elementor-column-gap-default\">\n\t\t\t\t\t<div class=\"elementor-column elementor-col-100 elementor-top-column elementor-element elementor-element-4015a20d\" data-id=\"4015a20d\" data-element_type=\"column\">\n\t\t\t<div class=\"elementor-widget-wrap elementor-element-populated\">\n\t\t\t\t\t\t\t\t<div class=\"elementor-element elementor-element-4e100d6d elementor-widget elementor-widget-text-editor\" data-id=\"4e100d6d\" data-element_type=\"widget\" data-widget_type=\"text-editor.default\">\n\t\t\t\t<div class=\"elementor-widget-container\">\n\t\t\t<style>\/*! elementor - v3.12.1 - 02-04-2023 *\/\n.elementor-widget-text-editor.elementor-drop-cap-view-stacked .elementor-drop-cap{background-color:#69727d;color:#fff}.elementor-widget-text-editor.elementor-drop-cap-view-framed .elementor-drop-cap{color:#69727d;border:3px solid;background-color:transparent}.elementor-widget-text-editor:not(.elementor-drop-cap-view-default) .elementor-drop-cap{margin-top:8px}.elementor-widget-text-editor:not(.elementor-drop-cap-view-default) .elementor-drop-cap-letter{width:1em;height:1em}.elementor-widget-text-editor .elementor-drop-cap{float:left;text-align:center;line-height:1;font-size:50px}.elementor-widget-text-editor .elementor-drop-cap-letter{display:inline-block}<\/style>\t\t\t\t<p><strong>Responsible for the processing of personal data<\/strong><\/p>\n<p><strong>Name:<\/strong> Paula Pi\u00f1ar Guzm\u00e1n<\/p>\n<p><strong>Address:<\/strong> Calle Guzm\u00e1n el Bueno 133, Edificio Britannia, 8\u00ba derecha A, 28003 Madrid (Spain)<\/p>\n<p><strong>Contact:<\/strong>\u00a0administracion@scherbinalegal.com<\/p>\n<p>Scherbina Legal, in compliance with current rules and regulations relating to personal data protection hereby informs that personal data collected through the website www.scherbinalegal.com, will be included in the automatic files exclusively reserved to users of services of the Firm.<\/p>\n<p>The scope of collection and treatment of personal data is preservation of the relationship Client-Firm and performance of consulting tasks and defense of clients\u2019 interests and rights and any other activity thereto related and specific of Scherbina Legal.<\/p>\n<p>Said data shall solely be provided to those entities which may be necessary with the only purpose to fulfill the above mentioned purpose.<\/p>\n<p>Scherbina Legal adopts all necessary measures to guarantee the safety, integrity and confidentiality of data pursuant to what provided for in EU Regulation 2016\/679 of the European Parliament and of the European Council of April 27th, relating to individual protection for what concerns personal data treatment and free circulation of such and in the Organic Law 3\/2018 of Data Protection and Guarantees of Digital Rights.<\/p>\n<p>At any time, users may exercise their rights to access, oppose, amend, cancel, right to be forgotten, limitation, portability, recognized in said EU Regulation. Said rights can be exercised also by the user directly by sending an email to administracion@scherbinalegal.com.<\/p>\n<p>At the same time, the competent body for users\u2019 claims is State Data Protection Agency (AEPD), whose website is www.agpd.es.<\/p>\n<p>Users declare that all data supplied are true and correct and undertakes to keep them updated, communicating every changes to administracion@scherbinalegal.com.<\/p>\n<p><strong>What purpose will we store your data for?<\/strong><\/p>\n<p>In Scherbina Legal we will treat your personal data collected through the website  www.scherbinalegal.com with the following purposes:<\/p>\n<p>Consultancy and defense of client\u2019s interests (Cases\/Files).<br \/>\nResolving queries.<br \/>\nOffering updated information to clients according to their interests<br \/>\nFormalization of possible cooperations.<\/p>\n<p>Scherbina Legal, in compliance with the principles of quality and limitation of data, exclusively collects and treats all data which may be necessary for the above mentioned purposes and thus for performance of service by the aforementioned Firm.<\/p>\n<p><strong>How long are personal data stored for?<\/strong><\/p>\n<p>Data collected by Scherbina Legal are stored during the time strictly necessary to comply with their scope. They are, as a general description, the following:<\/p>\n<p><strong>Clients:<\/strong> during the time they maintain their relationship with the firm through the   consequent consulting services or services of defense and of their interests.<br \/>\nThird related parties: during the time they maintain their professional relationship with the firm.<br \/>\nThird external parties: during the time communication are maintained with the Firm.<\/p>\n<p><strong>Basis for legitimation<\/strong><\/p>\n<p>Legitimation of treatments carried out by Scherbina Legal are mainly based, according to the case, on:<\/p>\n<p>Interested party consent.<br \/>\nContractual relation.<br \/>\nFirm\u2019s legitimate interests of third party\u2019s interest.<br \/>\nLegal obligations established by EU Law or Law of Member States.<\/p>\n<p><strong>Receivers<\/strong><\/p>\n<p>Data shall not be communicated to any third party external to Scherbina Legal, except in case they are legally compelled.<\/p>\n<p>Nevertheless, data may transferred by the firm, or may be accessed by providers, as persons in charge of the treatment who undertook compliance of all current laws and regulations relating to data protection at the moment of hiring said services.<\/p>\n<p>In the course of the cases that are entrusted by the clients of the firm, Scherbina Legal shall transmit data obtained in the specific case, provided to the professionals (notaries, technicians, etc.)  who may have to intervene in the same in order to get the best achievement of their interests or for statute of limitations.<\/p>\n\t\t\t\t\t\t<\/div>\n\t\t\t\t<\/div>\n\t\t\t\t\t<\/div>\n\t\t<\/div>\n\t\t\t\t\t\t\t<\/div>\n\t\t<\/section>\n\t\t\t\t\t\t\t<\/div>\n\t\t","protected":false},"excerpt":{"rendered":"<p>Responsible for the processing of personal data Name: Paula Pi\u00f1ar Guzm\u00e1n Address: Calle Guzm\u00e1n el Bueno 133, Edificio Britannia, 8\u00ba derecha A, 28003 Madrid (Spain) Contact:\u00a0administracion@scherbinalegal.com Scherbina Legal, in compliance with current rules and regulations relating to personal data protection hereby informs that personal data collected through the website www.scherbinalegal.com, will be included in the [&hellip;]<\/p>\n","protected":false},"author":1,"featured_media":0,"parent":0,"menu_order":0,"comment_status":"closed","ping_status":"open","template":"","meta":{"inline_featured_image":false,"footnotes":""},"yoast_head":"<!-- This site is optimized with the Yoast SEO plugin v21.7 - https:\/\/yoast.com\/wordpress\/plugins\/seo\/ -->\n<title>Privacy policy - Scherbina<\/title>\n<meta name=\"robots\" content=\"noindex, nofollow\" \/>\n<meta property=\"og:locale\" content=\"en_US\" \/>\n<meta property=\"og:type\" content=\"article\" \/>\n<meta property=\"og:title\" content=\"Privacy policy - Scherbina\" \/>\n<meta property=\"og:description\" content=\"Responsible for the processing of personal data Name: Paula Pi\u00f1ar Guzm\u00e1n Address: Calle Guzm\u00e1n el Bueno 133, Edificio Britannia, 8\u00ba derecha A, 28003 Madrid (Spain) Contact:\u00a0administracion@scherbinalegal.com Scherbina Legal, in compliance with current rules and regulations relating to personal data protection hereby informs that personal data collected through the website www.scherbinalegal.com, will be included in the [&hellip;]\" \/>\n<meta property=\"og:url\" content=\"https:\/\/scherbinalegal.com\/en\/privacy-policy\/\" \/>\n<meta property=\"og:site_name\" content=\"Scherbina\" \/>\n<meta property=\"article:modified_time\" content=\"2024-05-15T11:31:28+00:00\" \/>\n<meta property=\"og:image\" content=\"https:\/\/scherbinalegal.com\/wp-content\/uploads\/2024\/05\/imagen-logo-1200-1.jpg\" \/>\n\t<meta property=\"og:image:width\" content=\"1200\" \/>\n\t<meta property=\"og:image:height\" content=\"675\" \/>\n\t<meta property=\"og:image:type\" content=\"image\/jpeg\" \/>\n<meta name=\"twitter:card\" content=\"summary_large_image\" \/>\n<meta name=\"twitter:label1\" content=\"Est. reading time\" \/>\n\t<meta name=\"twitter:data1\" content=\"3 minutes\" \/>\n<script type=\"application\/ld+json\" class=\"yoast-schema-graph\">{\"@context\":\"https:\/\/schema.org\",\"@graph\":[{\"@type\":\"WebPage\",\"@id\":\"https:\/\/scherbinalegal.com\/en\/privacy-policy\/\",\"url\":\"https:\/\/scherbinalegal.com\/en\/privacy-policy\/\",\"name\":\"Privacy policy - Scherbina\",\"isPartOf\":{\"@id\":\"https:\/\/scherbinalegal.com\/#website\"},\"datePublished\":\"2023-12-28T08:05:17+00:00\",\"dateModified\":\"2024-05-15T11:31:28+00:00\",\"breadcrumb\":{\"@id\":\"https:\/\/scherbinalegal.com\/en\/privacy-policy\/#breadcrumb\"},\"inLanguage\":\"en-US\",\"potentialAction\":[{\"@type\":\"ReadAction\",\"target\":[\"https:\/\/scherbinalegal.com\/en\/privacy-policy\/\"]}]},{\"@type\":\"BreadcrumbList\",\"@id\":\"https:\/\/scherbinalegal.com\/en\/privacy-policy\/#breadcrumb\",\"itemListElement\":[{\"@type\":\"ListItem\",\"position\":1,\"name\":\"Portada\",\"item\":\"https:\/\/scherbinalegal.com\/\"},{\"@type\":\"ListItem\",\"position\":2,\"name\":\"Privacy policy\"}]},{\"@type\":\"WebSite\",\"@id\":\"https:\/\/scherbinalegal.com\/#website\",\"url\":\"https:\/\/scherbinalegal.com\/\",\"name\":\"Scherbina Legal\",\"description\":\"Construyendo Soluciones Legales\",\"publisher\":{\"@id\":\"https:\/\/scherbinalegal.com\/#organization\"},\"potentialAction\":[{\"@type\":\"SearchAction\",\"target\":{\"@type\":\"EntryPoint\",\"urlTemplate\":\"https:\/\/scherbinalegal.com\/?s={search_term_string}\"},\"query-input\":\"required name=search_term_string\"}],\"inLanguage\":\"en-US\"},{\"@type\":\"Organization\",\"@id\":\"https:\/\/scherbinalegal.com\/#organization\",\"name\":\"Scherbina Legal\",\"url\":\"https:\/\/scherbinalegal.com\/\",\"logo\":{\"@type\":\"ImageObject\",\"inLanguage\":\"en-US\",\"@id\":\"https:\/\/scherbinalegal.com\/#\/schema\/logo\/image\/\",\"url\":\"https:\/\/scherbinalegal.com\/wp-content\/uploads\/2024\/05\/imagen-logo-1200.jpg\",\"contentUrl\":\"https:\/\/scherbinalegal.com\/wp-content\/uploads\/2024\/05\/imagen-logo-1200.jpg\",\"width\":1200,\"height\":675,\"caption\":\"Scherbina Legal\"},\"image\":{\"@id\":\"https:\/\/scherbinalegal.com\/#\/schema\/logo\/image\/\"}}]}<\/script>\n<!-- \/ Yoast SEO plugin. -->","yoast_head_json":{"title":"Privacy policy - Scherbina","robots":{"index":"noindex","follow":"nofollow"},"og_locale":"en_US","og_type":"article","og_title":"Privacy policy - Scherbina","og_description":"Responsible for the processing of personal data Name: Paula Pi\u00f1ar Guzm\u00e1n Address: Calle Guzm\u00e1n el Bueno 133, Edificio Britannia, 8\u00ba derecha A, 28003 Madrid (Spain) Contact:\u00a0administracion@scherbinalegal.com Scherbina Legal, in compliance with current rules and regulations relating to personal data protection hereby informs that personal data collected through the website www.scherbinalegal.com, will be included in the [&hellip;]","og_url":"https:\/\/scherbinalegal.com\/en\/privacy-policy\/","og_site_name":"Scherbina","article_modified_time":"2024-05-15T11:31:28+00:00","og_image":[{"width":1200,"height":675,"url":"https:\/\/scherbinalegal.com\/wp-content\/uploads\/2024\/05\/imagen-logo-1200-1.jpg","type":"image\/jpeg"}],"twitter_card":"summary_large_image","twitter_misc":{"Est. reading time":"3 minutes"},"schema":{"@context":"https:\/\/schema.org","@graph":[{"@type":"WebPage","@id":"https:\/\/scherbinalegal.com\/en\/privacy-policy\/","url":"https:\/\/scherbinalegal.com\/en\/privacy-policy\/","name":"Privacy policy - Scherbina","isPartOf":{"@id":"https:\/\/scherbinalegal.com\/#website"},"datePublished":"2023-12-28T08:05:17+00:00","dateModified":"2024-05-15T11:31:28+00:00","breadcrumb":{"@id":"https:\/\/scherbinalegal.com\/en\/privacy-policy\/#breadcrumb"},"inLanguage":"en-US","potentialAction":[{"@type":"ReadAction","target":["https:\/\/scherbinalegal.com\/en\/privacy-policy\/"]}]},{"@type":"BreadcrumbList","@id":"https:\/\/scherbinalegal.com\/en\/privacy-policy\/#breadcrumb","itemListElement":[{"@type":"ListItem","position":1,"name":"Portada","item":"https:\/\/scherbinalegal.com\/"},{"@type":"ListItem","position":2,"name":"Privacy policy"}]},{"@type":"WebSite","@id":"https:\/\/scherbinalegal.com\/#website","url":"https:\/\/scherbinalegal.com\/","name":"Scherbina Legal","description":"Construyendo Soluciones Legales","publisher":{"@id":"https:\/\/scherbinalegal.com\/#organization"},"potentialAction":[{"@type":"SearchAction","target":{"@type":"EntryPoint","urlTemplate":"https:\/\/scherbinalegal.com\/?s={search_term_string}"},"query-input":"required name=search_term_string"}],"inLanguage":"en-US"},{"@type":"Organization","@id":"https:\/\/scherbinalegal.com\/#organization","name":"Scherbina Legal","url":"https:\/\/scherbinalegal.com\/","logo":{"@type":"ImageObject","inLanguage":"en-US","@id":"https:\/\/scherbinalegal.com\/#\/schema\/logo\/image\/","url":"https:\/\/scherbinalegal.com\/wp-content\/uploads\/2024\/05\/imagen-logo-1200.jpg","contentUrl":"https:\/\/scherbinalegal.com\/wp-content\/uploads\/2024\/05\/imagen-logo-1200.jpg","width":1200,"height":675,"caption":"Scherbina Legal"},"image":{"@id":"https:\/\/scherbinalegal.com\/#\/schema\/logo\/image\/"}}]}},"_links":{"self":[{"href":"https:\/\/scherbinalegal.com\/en\/wp-json\/wp\/v2\/pages\/503"}],"collection":[{"href":"https:\/\/scherbinalegal.com\/en\/wp-json\/wp\/v2\/pages"}],"about":[{"href":"https:\/\/scherbinalegal.com\/en\/wp-json\/wp\/v2\/types\/page"}],"author":[{"embeddable":true,"href":"https:\/\/scherbinalegal.com\/en\/wp-json\/wp\/v2\/users\/1"}],"replies":[{"embeddable":true,"href":"https:\/\/scherbinalegal.com\/en\/wp-json\/wp\/v2\/comments?post=503"}],"version-history":[{"count":1,"href":"https:\/\/scherbinalegal.com\/en\/wp-json\/wp\/v2\/pages\/503\/revisions"}],"predecessor-version":[{"id":504,"href":"https:\/\/scherbinalegal.com\/en\/wp-json\/wp\/v2\/pages\/503\/revisions\/504"}],"wp:attachment":[{"href":"https:\/\/scherbinalegal.com\/en\/wp-json\/wp\/v2\/media?parent=503"}],"curies":[{"name":"wp","href":"https:\/\/api.w.org\/{rel}","templated":true}]}}